{"id":88,"date":"2018-01-14T14:42:19","date_gmt":"2018-01-14T13:42:19","guid":{"rendered":"https:\/\/uku-lele.cz\/?page_id=88"},"modified":"2025-10-15T05:37:32","modified_gmt":"2025-10-15T03:37:32","slug":"diskuze","status":"publish","type":"page","link":"https:\/\/uku-lele.cz\/en\/diskuze\/","title":{"rendered":"Discussion"},"content":{"rendered":"<p>Obecn\u00e9 diskuzn\u00ed f\u00f3rum tady nen\u00ed, proto\u017ee u\u017e existuje n\u011bkolik jin\u00fdch.<\/p>\n<p>Nej\u017eiv\u011bj\u0161\u00ed je asi skupina\u00a0<a href=\"https:\/\/www.facebook.com\/groups\/1755049194714683\/\">Ukulele a pokec o n\u011bm<\/a>\u00a0na Faceboku.<\/p>\n<p>N\u011bkolik let funguje tak\u00e9 diskuzn\u00ed f\u00f3rum na\u00a0 <a href=\"http:\/\/hudebniforum.cz\/smyccove-a-dalsi-strunne-nastroje\/ukulele-t6980.html\">Hudebn\u00edm serveru<\/a>.<\/p>\n<p>N\u00ed\u017ee m\u016f\u017eete p\u0159id\u00e1vat koment\u00e1\u0159e k tomuto webu uku-lele.cz.<\/p>","protected":false},"excerpt":{"rendered":"<p>Obecn\u00e9 diskuzn\u00ed f\u00f3rum tady nen\u00ed, proto\u017ee u\u017e existuje n\u011bkolik jin\u00fdch. Nej\u017eiv\u011bj\u0161\u00ed je asi skupina\u00a0Ukulele a pokec o n\u011bm\u00a0na Faceboku. N\u011bkolik let funguje tak\u00e9 diskuzn\u00ed f\u00f3rum na\u00a0 Hudebn\u00edm serveru. N\u00ed\u017ee m\u016f\u017eete p\u0159id\u00e1vat koment\u00e1\u0159e k tomuto webu uku-lele.cz.<\/p>","protected":false},"author":1,"featured_media":0,"parent":0,"menu_order":0,"comment_status":"open","ping_status":"closed","template":"","meta":{"footnotes":""},"class_list":["post-88","page","type-page","status-publish","hentry"],"post_mailing_queue_ids":[],"_links":{"self":[{"href":"https:\/\/uku-lele.cz\/en\/wp-json\/wp\/v2\/pages\/88","targetHints":{"allow":["GET"]}}],"collection":[{"href":"https:\/\/uku-lele.cz\/en\/wp-json\/wp\/v2\/pages"}],"about":[{"href":"https:\/\/uku-lele.cz\/en\/wp-json\/wp\/v2\/types\/page"}],"author":[{"embeddable":true,"href":"https:\/\/uku-lele.cz\/en\/wp-json\/wp\/v2\/users\/1"}],"replies":[{"embeddable":true,"href":"https:\/\/uku-lele.cz\/en\/wp-json\/wp\/v2\/comments?post=88"}],"version-history":[{"count":8,"href":"https:\/\/uku-lele.cz\/en\/wp-json\/wp\/v2\/pages\/88\/revisions"}],"predecessor-version":[{"id":1975,"href":"https:\/\/uku-lele.cz\/en\/wp-json\/wp\/v2\/pages\/88\/revisions\/1975"}],"wp:attachment":[{"href":"https:\/\/uku-lele.cz\/en\/wp-json\/wp\/v2\/media?parent=88"}],"curies":[{"name":"wp","href":"https:\/\/api.w.org\/{rel}","templated":true}]}}