{"id":8,"date":"2018-01-14T12:19:50","date_gmt":"2018-01-14T11:19:50","guid":{"rendered":"https:\/\/uku-lele.cz\/?page_id=8"},"modified":"2018-02-18T12:51:48","modified_gmt":"2018-02-18T11:51:48","slug":"o-nas","status":"publish","type":"page","link":"https:\/\/uku-lele.cz\/en\/o-nas\/","title":{"rendered":"About us + contact"},"content":{"rendered":"<p>These pages are for all ukulele fans. In case you would like to help us with the content - add sometimes some news, link, event or video etc (it can be done very easily) just contact us via email, people with similar handicap are welcomed  :-)<\/p>\n<p>These pages are administered by Pavel Ka\u0161p\u00e1rek and Vlasta Proch\u00e1zka.  You can contact us using email pavel (at) uku-lele (dot) cz<\/p>\n<p>We reserve the right to delete vulgar, offensive, outdated or offtopic comments or posts.<\/p>\n<p>Chords and other materials published here are intended for studying and healing purposes only.<\/p>\n<p><a href=\"https:\/\/uku-lele.cz\/wp-admin\/index.php\">Enter to the administration<\/a><\/p>","protected":false},"excerpt":{"rendered":"<p>Tyto str\u00e1nky jsou pro v\u0161echny p\u0159\u00edznivce ukulele. Pokud m\u00e1te chu\u0165 pomoci s jejich obsahem &#8211; p\u0159idat ob\u010das n\u011bjakou novinku, odkaz na akci \u010di video a podobn\u011b (jde to velmi snadno), klidn\u011b se ozv\u011bte p\u0159es email, uv\u00edt\u00e1me podobn\u011b posti\u017een\u00e9 \ud83d\ude42 O tyto str\u00e1nky se staraj\u00ed Pavel Ka\u0161p\u00e1rek a Vlasta Proch\u00e1zka. Kontaktovat m\u016f\u017eete na emailu: pavel (zavin\u00e1\u010d) &hellip; <a href=\"https:\/\/uku-lele.cz\/en\/o-nas\/\" class=\"more-link\">Continue reading <span class=\"screen-reader-text\">About us + contact<\/span><\/a><\/p>","protected":false},"author":1,"featured_media":27,"parent":0,"menu_order":0,"comment_status":"closed","ping_status":"closed","template":"","meta":{"footnotes":""},"class_list":["post-8","page","type-page","status-publish","has-post-thumbnail","hentry"],"post_mailing_queue_ids":[],"_links":{"self":[{"href":"https:\/\/uku-lele.cz\/en\/wp-json\/wp\/v2\/pages\/8","targetHints":{"allow":["GET"]}}],"collection":[{"href":"https:\/\/uku-lele.cz\/en\/wp-json\/wp\/v2\/pages"}],"about":[{"href":"https:\/\/uku-lele.cz\/en\/wp-json\/wp\/v2\/types\/page"}],"author":[{"embeddable":true,"href":"https:\/\/uku-lele.cz\/en\/wp-json\/wp\/v2\/users\/1"}],"replies":[{"embeddable":true,"href":"https:\/\/uku-lele.cz\/en\/wp-json\/wp\/v2\/comments?post=8"}],"version-history":[{"count":16,"href":"https:\/\/uku-lele.cz\/en\/wp-json\/wp\/v2\/pages\/8\/revisions"}],"predecessor-version":[{"id":354,"href":"https:\/\/uku-lele.cz\/en\/wp-json\/wp\/v2\/pages\/8\/revisions\/354"}],"wp:featuredmedia":[{"embeddable":true,"href":"https:\/\/uku-lele.cz\/en\/wp-json\/wp\/v2\/media\/27"}],"wp:attachment":[{"href":"https:\/\/uku-lele.cz\/en\/wp-json\/wp\/v2\/media?parent=8"}],"curies":[{"name":"wp","href":"https:\/\/api.w.org\/{rel}","templated":true}]}}